{"id":16,"date":"2025-05-10T11:21:35","date_gmt":"2025-05-10T11:21:35","guid":{"rendered":"https:\/\/oleksandra.mananchykova.mmi-velizy.fr\/MOAverse\/?page_id=16"},"modified":"2025-05-11T21:50:56","modified_gmt":"2025-05-11T21:50:56","slug":"moa-blog","status":"publish","type":"page","link":"https:\/\/oleksandra.mananchykova.mmi-velizy.fr\/MOAverse\/moa-blog\/","title":{"rendered":"MOA Blog"},"content":{"rendered":"<div class=\"wp-block-query is-layout-flow wp-block-query-is-layout-flow\"><div class=\"wp-block-columns is-layout-flex wp-container-core-columns-is-layout-28f84493 wp-block-columns-is-layout-flex\"><div class=\"wp-block-column is-layout-flow wp-block-column-is-layout-flow\" style=\"flex-basis:100%\"><div class=\"wp-block-columns is-layout-flex wp-container-core-columns-is-layout-28f84493 wp-block-columns-is-layout-flex\"><div class=\"wp-block-column is-layout-flow wp-block-column-is-layout-flow\" style=\"flex-basis:100%\"><ul class=\"wp-block-post-template is-layout-flow wp-block-post-template-is-layout-flow\"><li class=\"wp-block-post post-304 post type-post status-publish format-standard has-post-thumbnail hentry category-uncategorized\"><\/li><li class=\"wp-block-post post-292 post type-post status-publish format-standard has-post-thumbnail hentry category-uncategorized\"><\/li><\/ul>\n\n<div class=\"wp-block-query is-layout-flow wp-block-query-is-layout-flow\"><ul class=\"wp-block-post-template is-layout-flow wp-block-post-template-is-layout-flow\"><li class=\"wp-block-post post-304 post type-post status-publish format-standard has-post-thumbnail hentry category-uncategorized\"><div class=\"wp-block-columns alignwide is-layout-flex wp-container-core-columns-is-layout-28f84493 wp-block-columns-is-layout-flex\"><div class=\"wp-block-column is-layout-flow wp-block-column-is-layout-flow\" style=\"flex-basis:66.66%\"><figure class=\"wp-block-post-featured-image\"><a href=\"https:\/\/oleksandra.mananchykova.mmi-velizy.fr\/MOAverse\/2025\/05\/11\/un-nouveau-single-chaleureux-signe-txt-love-language\/\" target=\"_self\"  ><img loading=\"lazy\" decoding=\"async\" width=\"1280\" height=\"848\" src=\"https:\/\/oleksandra.mananchykova.mmi-velizy.fr\/MOAverse\/wp-content\/uploads\/2025\/05\/Gp9B_3xWoAAV0uS.jpg\" class=\"attachment-post-thumbnail size-post-thumbnail wp-post-image\" alt=\"Un nouveau single chaleureux sign\u00e9 TXT : \u00ab\u00a0Love Language\u00a0\u00bb\" style=\"object-fit:cover;\" srcset=\"https:\/\/oleksandra.mananchykova.mmi-velizy.fr\/MOAverse\/wp-content\/uploads\/2025\/05\/Gp9B_3xWoAAV0uS.jpg 1280w, https:\/\/oleksandra.mananchykova.mmi-velizy.fr\/MOAverse\/wp-content\/uploads\/2025\/05\/Gp9B_3xWoAAV0uS-300x199.jpg 300w, https:\/\/oleksandra.mananchykova.mmi-velizy.fr\/MOAverse\/wp-content\/uploads\/2025\/05\/Gp9B_3xWoAAV0uS-1024x678.jpg 1024w, https:\/\/oleksandra.mananchykova.mmi-velizy.fr\/MOAverse\/wp-content\/uploads\/2025\/05\/Gp9B_3xWoAAV0uS-768x509.jpg 768w, https:\/\/oleksandra.mananchykova.mmi-velizy.fr\/MOAverse\/wp-content\/uploads\/2025\/05\/Gp9B_3xWoAAV0uS-416x276.jpg 416w\" sizes=\"auto, (max-width: 1280px) 100vw, 1280px\" \/><\/a><\/figure><\/div>\n\n<div class=\"wp-block-column is-layout-flow wp-block-column-is-layout-flow\" style=\"flex-basis:33.33%\"><h2 class=\"wp-block-post-title\"><a href=\"https:\/\/oleksandra.mananchykova.mmi-velizy.fr\/MOAverse\/2025\/05\/11\/un-nouveau-single-chaleureux-signe-txt-love-language\/\" target=\"_self\" >Un nouveau single chaleureux sign\u00e9 TXT : \u00ab\u00a0Love Language\u00a0\u00bb<\/a><\/h2>\n\n<div class=\"wp-block-post-excerpt\"><p class=\"wp-block-post-excerpt__excerpt\">TXT est devenu le premier groupe de k-pop \u00e0 appara\u00eetre au Met Gala 2024. Habill\u00e9s par Louis Vuitton, ils ont impressionn\u00e9 les critiques de mode avec leur \u00e9l\u00e9gance et leur assurance. Leur pr\u00e9sence \u00e0 cet \u00e9v\u00e9nement embl\u00e9matique a marqu\u00e9 un moment important dans la culture pop mondiale, prouvant leur influence au-del\u00e0 de la musique. Les\u2026 <\/p><\/div><\/div><\/div><\/li><li class=\"wp-block-post post-292 post type-post status-publish format-standard has-post-thumbnail hentry category-uncategorized\"><div class=\"wp-block-columns alignwide is-layout-flex wp-container-core-columns-is-layout-28f84493 wp-block-columns-is-layout-flex\"><div class=\"wp-block-column is-layout-flow wp-block-column-is-layout-flow\" style=\"flex-basis:66.66%\"><figure class=\"wp-block-post-featured-image\"><a href=\"https:\/\/oleksandra.mananchykova.mmi-velizy.fr\/MOAverse\/2025\/05\/11\/txt-revient-avec-le-nouveau-single-love-language\/\" target=\"_self\"  ><img loading=\"lazy\" decoding=\"async\" width=\"1000\" height=\"667\" src=\"https:\/\/oleksandra.mananchykova.mmi-velizy.fr\/MOAverse\/wp-content\/uploads\/2025\/05\/TXT_Love_Language_MV_Photo_Sketch_2.webp\" class=\"attachment-post-thumbnail size-post-thumbnail wp-post-image\" alt=\"TXT revient avec le nouveau single \u00ab Love Language \u00bb\" style=\"object-fit:cover;\" srcset=\"https:\/\/oleksandra.mananchykova.mmi-velizy.fr\/MOAverse\/wp-content\/uploads\/2025\/05\/TXT_Love_Language_MV_Photo_Sketch_2.webp 1000w, https:\/\/oleksandra.mananchykova.mmi-velizy.fr\/MOAverse\/wp-content\/uploads\/2025\/05\/TXT_Love_Language_MV_Photo_Sketch_2-300x200.webp 300w, https:\/\/oleksandra.mananchykova.mmi-velizy.fr\/MOAverse\/wp-content\/uploads\/2025\/05\/TXT_Love_Language_MV_Photo_Sketch_2-768x512.webp 768w, https:\/\/oleksandra.mananchykova.mmi-velizy.fr\/MOAverse\/wp-content\/uploads\/2025\/05\/TXT_Love_Language_MV_Photo_Sketch_2-416x277.webp 416w\" sizes=\"auto, (max-width: 1000px) 100vw, 1000px\" \/><\/a><\/figure><\/div>\n\n<div class=\"wp-block-column is-layout-flow wp-block-column-is-layout-flow\" style=\"flex-basis:33.33%\"><h2 class=\"wp-block-post-title\"><a href=\"https:\/\/oleksandra.mananchykova.mmi-velizy.fr\/MOAverse\/2025\/05\/11\/txt-revient-avec-le-nouveau-single-love-language\/\" target=\"_self\" >TXT revient avec le nouveau single \u00ab Love Language \u00bb<\/a><\/h2>\n\n<div class=\"wp-block-post-excerpt\"><p class=\"wp-block-post-excerpt__excerpt\">Le groupe TXT a sorti son nouvel album Love Language, marquant une nouvelle \u00e9tape \u00e9motionnelle dans leur parcours musical. Cet album explore l\u2019amour, la qu\u00eate de soi et les \u00e9motions profondes \u00e0 travers une fusion de pop et d\u2019\u00e9lectro. Les fans ont particuli\u00e8rement aim\u00e9 la chanson \u00ab Dreamer \u00bb, qui se distingue par ses paroles\u2026 <\/p><\/div><\/div><\/div><\/li><\/ul><\/div><\/div><\/div><\/div><\/div><\/div><div class=\"wp-block-group alignfull has-text-color has-background\" style=\"color:#000000;background-color:#ffffff\"><div class=\"wp-block-group__inner-container is-layout-flow wp-block-group-is-layout-flow\"><div style=\"height:64px\" aria-hidden=\"true\" class=\"wp-block-spacer\"><\/div>\n\n<h2 class=\"wp-block-heading has-text-align-center\" id=\"schedule-a-visit\" style=\"font-size:59px;line-height:1.15\"><strong>Visitez notre boutique de TXT!<\/strong><\/h2>\n\n<div class=\"wp-block-buttons is-horizontal is-content-justification-center is-layout-flex wp-container-core-buttons-is-layout-03627597 wp-block-buttons-is-layout-flex\"><div class=\"wp-block-button has-custom-width wp-block-button__width-50\"><a class=\"wp-block-button__link has-text-color has-background wp-element-button\" href=\"https:\/\/oleksandra.mananchykova.mmi-velizy.fr\/MOAverse\/shop\/\" style=\"border-radius:50px;color:#ffffff;background-color:#000000\">Voir MOA boutique!<\/a><\/div><\/div>\n\n<div style=\"height:64px\" aria-hidden=\"true\" class=\"wp-block-spacer\"><\/div><\/div><\/div>","protected":false},"excerpt":{"rendered":"<p>Visitez notre boutique de TXT!<\/p>\n","protected":false},"author":1,"featured_media":0,"parent":0,"menu_order":0,"comment_status":"closed","ping_status":"closed","template":"","meta":{"footnotes":""},"class_list":["post-16","page","type-page","status-publish","hentry"],"_links":{"self":[{"href":"https:\/\/oleksandra.mananchykova.mmi-velizy.fr\/MOAverse\/wp-json\/wp\/v2\/pages\/16","targetHints":{"allow":["GET"]}}],"collection":[{"href":"https:\/\/oleksandra.mananchykova.mmi-velizy.fr\/MOAverse\/wp-json\/wp\/v2\/pages"}],"about":[{"href":"https:\/\/oleksandra.mananchykova.mmi-velizy.fr\/MOAverse\/wp-json\/wp\/v2\/types\/page"}],"author":[{"embeddable":true,"href":"https:\/\/oleksandra.mananchykova.mmi-velizy.fr\/MOAverse\/wp-json\/wp\/v2\/users\/1"}],"replies":[{"embeddable":true,"href":"https:\/\/oleksandra.mananchykova.mmi-velizy.fr\/MOAverse\/wp-json\/wp\/v2\/comments?post=16"}],"version-history":[{"count":7,"href":"https:\/\/oleksandra.mananchykova.mmi-velizy.fr\/MOAverse\/wp-json\/wp\/v2\/pages\/16\/revisions"}],"predecessor-version":[{"id":316,"href":"https:\/\/oleksandra.mananchykova.mmi-velizy.fr\/MOAverse\/wp-json\/wp\/v2\/pages\/16\/revisions\/316"}],"wp:attachment":[{"href":"https:\/\/oleksandra.mananchykova.mmi-velizy.fr\/MOAverse\/wp-json\/wp\/v2\/media?parent=16"}],"curies":[{"name":"wp","href":"https:\/\/api.w.org\/{rel}","templated":true}]}}