{"id":324,"date":"2025-05-12T11:40:51","date_gmt":"2025-05-12T11:40:51","guid":{"rendered":"https:\/\/oleksandra.mananchykova.mmi-velizy.fr\/MOAverse\/?post_type=product&#038;p=324"},"modified":"2025-05-12T11:40:52","modified_gmt":"2025-05-12T11:40:52","slug":"act-promise-encore-jacket","status":"publish","type":"product","link":"https:\/\/oleksandra.mananchykova.mmi-velizy.fr\/MOAverse\/product\/act-promise-encore-jacket\/","title":{"rendered":"ACT: Promise Encore &#8211; Jacket"},"content":{"rendered":"<p><img loading=\"lazy\" decoding=\"async\" class=\"alignnone wp-image-327 size-full\" src=\"https:\/\/oleksandra.mananchykova.mmi-velizy.fr\/MOAverse\/wp-content\/uploads\/2025\/05\/23410279bd1ea91d211534ddc9e14987_11zon-scaled.png\" alt=\"\" width=\"269\" height=\"2560\" \/><\/p>\n","protected":false},"excerpt":{"rendered":"<p>Veste de tourn\u00e9e originale TXT ACT\u00a0: Promise Encore, coupe oversize et chaude.<\/p>\n<p>Design d\u00e9taill\u00e9 avec coutures et broderies blanches, et \u00e9tiquette orange avec logo TXT.<\/p>\n<p>M: 74.5 x 47 x 60.5 x 58.5 x 62cm<\/p>\n","protected":false},"featured_media":325,"comment_status":"open","ping_status":"closed","template":"","meta":[],"product_brand":[],"product_cat":[17,20],"product_tag":[],"class_list":{"0":"post-324","1":"product","2":"type-product","3":"status-publish","4":"has-post-thumbnail","6":"product_cat-uncategorized","7":"product_cat-merch","9":"first","10":"instock","11":"shipping-taxable","12":"purchasable","13":"product-type-simple"},"_links":{"self":[{"href":"https:\/\/oleksandra.mananchykova.mmi-velizy.fr\/MOAverse\/wp-json\/wp\/v2\/product\/324","targetHints":{"allow":["GET"]}}],"collection":[{"href":"https:\/\/oleksandra.mananchykova.mmi-velizy.fr\/MOAverse\/wp-json\/wp\/v2\/product"}],"about":[{"href":"https:\/\/oleksandra.mananchykova.mmi-velizy.fr\/MOAverse\/wp-json\/wp\/v2\/types\/product"}],"replies":[{"embeddable":true,"href":"https:\/\/oleksandra.mananchykova.mmi-velizy.fr\/MOAverse\/wp-json\/wp\/v2\/comments?post=324"}],"wp:featuredmedia":[{"embeddable":true,"href":"https:\/\/oleksandra.mananchykova.mmi-velizy.fr\/MOAverse\/wp-json\/wp\/v2\/media\/325"}],"wp:attachment":[{"href":"https:\/\/oleksandra.mananchykova.mmi-velizy.fr\/MOAverse\/wp-json\/wp\/v2\/media?parent=324"}],"wp:term":[{"taxonomy":"product_brand","embeddable":true,"href":"https:\/\/oleksandra.mananchykova.mmi-velizy.fr\/MOAverse\/wp-json\/wp\/v2\/product_brand?post=324"},{"taxonomy":"product_cat","embeddable":true,"href":"https:\/\/oleksandra.mananchykova.mmi-velizy.fr\/MOAverse\/wp-json\/wp\/v2\/product_cat?post=324"},{"taxonomy":"product_tag","embeddable":true,"href":"https:\/\/oleksandra.mananchykova.mmi-velizy.fr\/MOAverse\/wp-json\/wp\/v2\/product_tag?post=324"}],"curies":[{"name":"wp","href":"https:\/\/api.w.org\/{rel}","templated":true}]}}