{"id":93,"date":"2025-05-10T17:43:31","date_gmt":"2025-05-10T17:43:31","guid":{"rendered":"https:\/\/oleksandra.mananchykova.mmi-velizy.fr\/MOAverse\/?post_type=product&#038;p=93"},"modified":"2025-05-10T19:23:43","modified_gmt":"2025-05-10T19:23:43","slug":"txt-the-star-chapter-sanctuary-album","status":"publish","type":"product","link":"https:\/\/oleksandra.mananchykova.mmi-velizy.fr\/MOAverse\/product\/txt-the-star-chapter-sanctuary-album\/","title":{"rendered":"TXT &#8211; The Star Chapter: SANCTUARY &#8211; Album"},"content":{"rendered":"<p><strong>Artiste<\/strong>\u00a0: TXT<br \/>\n<strong>Produit<\/strong>\u00a0: The Star Chapter: SANCTUARY &#8211; Album<br \/>\n<strong>Sortie Officielle<\/strong>\u00a0: 04\/11\/2024<\/p>\n<p><strong>Details\u00a0<\/strong>:<\/p>\n<p><strong>version KNIGHT:<br \/>\n<\/strong><br \/>\n&#8211; 1 CD<br \/>\n&#8211; 1 Photobook (100 pages)<br \/>\n&#8211; 1 Poster<br \/>\n&#8211; 1 Carte Postale<br \/>\n&#8211; 1 Livret de paroles (16 pages)<br \/>\n&#8211; 1 Sticker<br \/>\n&#8211; 1 Carte permis (al\u00e9atoire parmi 5 mod\u00e8les)<br \/>\n&#8211; 1 Photocarte (al\u00e9atoire parmi 5 mod\u00e8les)<\/p>\n<p><strong>version SAVIOR:<\/strong><\/p>\n<p>&#8211; 1 CD<br \/>\n&#8211; 1 Box<br \/>\n&#8211; 1 Photobook (148 pages)<br \/>\n&#8211; 1 Poster<br \/>\n&#8211; 1 Sticker<br \/>\n&#8211; 1 Carte Postale<br \/>\n&#8211; 1 Livret de paroles (20 pages)<br \/>\n&#8211; 1 Carte pi\u00e8ce glace (al\u00e9atoire parmi 5 mod\u00e8les)<br \/>\n&#8211; 1 Photocard (al\u00e9atoire parmi 5 mod\u00e8les)<\/p>\n<p><strong>version LOVER:<\/strong><\/p>\n<p>&#8211; 1 CD<br \/>\n&#8211; 1 Planche de confettis<br \/>\n&#8211; 1 Livret (64 pages)<br \/>\n&#8211; 1 Poster<br \/>\n&#8211; 1 Carte Postale<br \/>\n&#8211; 1 Livret \u00e0 paroles (16 pages)<br \/>\n&#8211; 1 Bande format n\u00e9gatif<br \/>\n&#8211; 1 Carte d&rsquo;As de coeur (al\u00e9atoire parmi 5 mod\u00e8les)<br \/>\n&#8211; 1 Photocarte (al\u00e9atoire parmi 5 mod\u00e8les)<\/p>\n<p><strong>Edition<\/strong>\u00a0: Cor\u00e9enne<br \/>\n<strong>Langue<\/strong>\u00a0: Cor\u00e9enne<\/p>\n<p><strong>Tracklist<\/strong>\u00a0:<\/p>\n<p>01. Heaven<br \/>\n02. Over The Moon<br \/>\n03. Danger<br \/>\n04. Resist (Not Gonna Run Away)<br \/>\n05. Forty One Winks<br \/>\n06. Higher Than Heaven<img loading=\"lazy\" decoding=\"async\" class=\"alignnone wp-image-95 size-full\" src=\"https:\/\/oleksandra.mananchykova.mmi-velizy.fr\/MOAverse\/wp-content\/uploads\/2025\/05\/FVaixZ_11zon-scaled.jpg\" alt=\"\" width=\"446\" height=\"2560\" srcset=\"https:\/\/oleksandra.mananchykova.mmi-velizy.fr\/MOAverse\/wp-content\/uploads\/2025\/05\/FVaixZ_11zon-scaled.jpg 446w, https:\/\/oleksandra.mananchykova.mmi-velizy.fr\/MOAverse\/wp-content\/uploads\/2025\/05\/FVaixZ_11zon-scaled-416x2388.jpg 416w, https:\/\/oleksandra.mananchykova.mmi-velizy.fr\/MOAverse\/wp-content\/uploads\/2025\/05\/FVaixZ_11zon-357x2048.jpg 357w\" sizes=\"auto, (max-width: 446px) 100vw, 446px\" \/><\/p>\n","protected":false},"excerpt":{"rendered":"<p>TXT &#8211; The Star Chapter: SANCTUARY &#8211; Album<br \/>\n<span class=\"clr_3\"><strong>Version photobook, 3 mod\u00e8les<br \/>\n<\/strong><br \/>\n<em>Sortie le 04 Novembre 2024 en Cor\u00e9e du Sud<\/em><\/p>\n<p>Charts cor\u00e9ens<strong><span class=\"clr_tiny_vert\">\u00a0HANTEO\u00a0et\u00a0GAON\u00a0:<\/span><\/strong><br \/>\nChaque album est automatiquement comptabilis\u00e9 pour les classements cor\u00e9ens<\/span><\/p>\n","protected":false},"featured_media":94,"comment_status":"open","ping_status":"closed","template":"","meta":[],"product_brand":[],"product_cat":[17,18],"product_tag":[],"class_list":{"0":"post-93","1":"product","2":"type-product","3":"status-publish","4":"has-post-thumbnail","6":"product_cat-uncategorized","7":"product_cat-albums","9":"first","10":"instock","11":"shipping-taxable","12":"purchasable","13":"product-type-simple"},"_links":{"self":[{"href":"https:\/\/oleksandra.mananchykova.mmi-velizy.fr\/MOAverse\/wp-json\/wp\/v2\/product\/93","targetHints":{"allow":["GET"]}}],"collection":[{"href":"https:\/\/oleksandra.mananchykova.mmi-velizy.fr\/MOAverse\/wp-json\/wp\/v2\/product"}],"about":[{"href":"https:\/\/oleksandra.mananchykova.mmi-velizy.fr\/MOAverse\/wp-json\/wp\/v2\/types\/product"}],"replies":[{"embeddable":true,"href":"https:\/\/oleksandra.mananchykova.mmi-velizy.fr\/MOAverse\/wp-json\/wp\/v2\/comments?post=93"}],"wp:featuredmedia":[{"embeddable":true,"href":"https:\/\/oleksandra.mananchykova.mmi-velizy.fr\/MOAverse\/wp-json\/wp\/v2\/media\/94"}],"wp:attachment":[{"href":"https:\/\/oleksandra.mananchykova.mmi-velizy.fr\/MOAverse\/wp-json\/wp\/v2\/media?parent=93"}],"wp:term":[{"taxonomy":"product_brand","embeddable":true,"href":"https:\/\/oleksandra.mananchykova.mmi-velizy.fr\/MOAverse\/wp-json\/wp\/v2\/product_brand?post=93"},{"taxonomy":"product_cat","embeddable":true,"href":"https:\/\/oleksandra.mananchykova.mmi-velizy.fr\/MOAverse\/wp-json\/wp\/v2\/product_cat?post=93"},{"taxonomy":"product_tag","embeddable":true,"href":"https:\/\/oleksandra.mananchykova.mmi-velizy.fr\/MOAverse\/wp-json\/wp\/v2\/product_tag?post=93"}],"curies":[{"name":"wp","href":"https:\/\/api.w.org\/{rel}","templated":true}]}}